{"id":1677,"date":"2025-11-11T10:44:32","date_gmt":"2025-11-11T08:44:32","guid":{"rendered":"https:\/\/underbudgetagency.com\/ueber-uns\/"},"modified":"2025-11-12T10:05:16","modified_gmt":"2025-11-12T08:05:16","slug":"ueber-uns","status":"publish","type":"page","link":"https:\/\/underbudgetagency.com\/de\/ueber-uns\/","title":{"rendered":"\u00dcber uns"},"content":{"rendered":"<p><!--\n  Gutenberg (Block Editor) markup for the \"\u00c0 propos\" page\n  Paste this into the WordPress editor's Code Editor.\n  Uses only core blocks; no custom plugins needed.\n--><\/p>\n\n\n<main class=\"wp-block-group is-layout-constrained wp-block-group-is-layout-constrained\" style=\"padding-bottom:0px\">\n<div class=\"wp-block-group alignwide has-border-color has-white-background-color has-background is-layout-constrained wp-block-group-is-layout-constrained\" style=\"border-color:var(--theme-palette-color-2, #ffc900);border-width:1px;border-radius:18px;padding-top:48px;padding-bottom:24px;box-shadow:none\">\n<h2 class=\"wp-block-heading has-x-large-font-size\" style=\"line-height:1.1\">Messbare Ergebnisse, <br> ohne Ihr Budget zu sprengen.<\/h2>\n\n\n\n<p class=\"has-secondary-color has-text-color\">Bei <strong>Under Budget Agency<\/strong> beweisen wir t\u00e4glich, dass intelligentes, agiles und transparentes Marketing auch mit den ambitioniertesten Budgets mithalten kann.<\/p>\n\n\n\n<div class=\"wp-block-stackable-icon-list stk-block-icon-list stk-block stk-4ce1df6\" data-block-id=\"4ce1df6\"><style>.stk-4ce1df6 {--stk-icon-list-column-count:3 !important;--stk-icon-list-marker-color:var(--theme-palette-color-1, #ffd800) !important;}<\/style><svg style=\"display:none\"><defs><g id=\"stk-icon-list__icon-svg-def-4ce1df6\"><svg xmlns=\"http:\/\/www.w3.org\/2000\/svg\" viewBox=\"0 0 190 190\"><polygon points=\"173.8,28.4 60.4,141.8 15.7,97.2 5.1,107.8 60.4,163 184.4,39 173.8,28.4\"\/><\/svg><\/g><\/defs><\/svg><ul class=\"stk-block-icon-list__ul stk-block-icon-list--column\">\n<li class=\"wp-block-stackable-icon-list-item stk-block-icon-list-item stk-block stk-ad15b5f\" data-block-id=\"ad15b5f\"><div class=\"stk-block-icon-list-item__content\"><span class=\"stk--svg-wrapper\"><div class=\"stk--inner-svg\"><svg aria-hidden=\"true\" width=\"32\" height=\"32\"><use xlink:href=\"#stk-icon-list__icon-svg-def-4ce1df6\"><\/use><\/svg><\/div><\/span><span class=\"stk-block-icon-list-item__text\">Ma\u00dfgeschneiderte Strategien<\/span><\/div><\/li>\n\n\n\n<li class=\"wp-block-stackable-icon-list-item stk-block-icon-list-item stk-block stk-d1d84d9\" data-block-id=\"d1d84d9\"><div class=\"stk-block-icon-list-item__content\"><span class=\"stk--svg-wrapper\"><div class=\"stk--inner-svg\"><svg aria-hidden=\"true\" width=\"32\" height=\"32\"><use xlink:href=\"#stk-icon-list__icon-svg-def-4ce1df6\"><\/use><\/svg><\/div><\/span><span class=\"stk-block-icon-list-item__text\">Kosteneffiziente Umsetzung<\/span><\/div><\/li>\n\n\n\n<li class=\"wp-block-stackable-icon-list-item stk-block-icon-list-item stk-block stk-7ba0672\" data-block-id=\"7ba0672\"><div class=\"stk-block-icon-list-item__content\"><span class=\"stk--svg-wrapper\"><div class=\"stk--inner-svg\"><svg aria-hidden=\"true\" width=\"32\" height=\"32\"><use xlink:href=\"#stk-icon-list__icon-svg-def-4ce1df6\"><\/use><\/svg><\/div><\/span><span class=\"stk-block-icon-list-item__text\">Volle Transparenz<\/span><\/div><\/li>\n<\/ul><\/div>\n<\/div>\n\n\n\n<hr class=\"wp-block-separator has-css-opacity alignwide has-text-color has-background has-secondary-background-color is-style-wide\"\/>\n\n\n\n<div class=\"wp-block-group alignwide is-layout-constrained wp-block-group-is-layout-constrained\" id=\"identite\" style=\"padding-top:24px;padding-bottom:24px\">\n<h2 class=\"wp-block-heading\">Wer wir sind<\/h2>\n\n\n\n<p class=\"has-secondary-color has-text-color\">Wir glauben, dass gutes Marketing nicht von einem gro\u00dfen Budget abh\u00e4ngt, sondern von relevanten Ideen und einer einwandfreien Umsetzung.<\/p>\n\n\n\n<div class=\"wp-block-columns is-layout-flex wp-container-core-columns-is-layout-28f84493 wp-block-columns-is-layout-flex\">\n<div class=\"wp-block-column has-border-color has-white-background-color has-background is-layout-flow wp-block-column-is-layout-flow\" style=\"border-color:var(--theme-palette-color-2, #ffc900);border-width:1px;border-radius:18px;box-shadow:none;flex-basis:50%\">\n<div class=\"wp-block-group is-style-shadow is-layout-flow wp-block-group-is-layout-flow\" style=\"padding-top:24px;padding-right:24px;padding-bottom:24px;padding-left:24px\">\n<p>Seit unserer Gr\u00fcndung ist unsere Mission einfach: Unternehmen \u2013 von Start-ups bis zu KMU \u2013 zu begleiten, damit sie <strong>ihre Wachstumsziele<\/strong> erreichen, w\u00e4hrend sie <strong>die Kosten<\/strong> im Griff behalten. Wir arbeiten mit einem schlanken Team, optimierten Prozessen und einer Obsession f\u00fcr den <abbr title=\"Return on Investment\">ROI<\/abbr>. <\/p>\n<\/div>\n<\/div>\n\n\n\n<div class=\"wp-block-column has-border-color has-white-background-color has-background is-layout-flow wp-block-column-is-layout-flow\" style=\"border-color:var(--theme-palette-color-2, #ffc900);border-width:1px;border-radius:18px;padding-right:var(--wp--preset--spacing--30);padding-left:var(--wp--preset--spacing--30);box-shadow:none;flex-basis:50%\">\n<ul style=\"padding-top:24px;padding-right:24px;padding-bottom:24px;padding-left:24px\" class=\"wp-block-list is-style-shadow\">\n<li><strong>Agil<\/strong> \u2014 schlanke und reaktionsschnelle Organisation<\/li>\n\n\n\n<li><strong>Datengesteuert<\/strong> \u2014 ergebnisorientierte Entscheidungen<\/li>\n\n\n\n<li><strong>Klar<\/strong> \u2014 transparentes Reporting, keine versteckten Kosten<\/li>\n<\/ul>\n<\/div>\n<\/div>\n<\/div>\n\n\n\n<div class=\"wp-block-group alignwide is-layout-constrained wp-block-group-is-layout-constrained\" id=\"approche\" style=\"padding-top:24px;padding-bottom:24px\">\n<h2 class=\"wp-block-heading\">Unser Ansatz<\/h2>\n\n\n\n<p class=\"has-secondary-color has-text-color\">Von der Strategie bis zur Umsetzung richten wir jede Ma\u00dfnahme an Ihren Zielen und Ihrem Budget aus.<\/p>\n\n\n\n<div class=\"wp-block-columns is-layout-flex wp-container-core-columns-is-layout-28f84493 wp-block-columns-is-layout-flex\">\n<div class=\"wp-block-column has-border-color has-white-background-color has-background is-layout-flow wp-block-column-is-layout-flow\" style=\"border-color:var(--theme-palette-color-2, #ffc900);border-width:1px;border-radius:18px;box-shadow:none\">\n<div class=\"wp-block-group is-style-shadow is-layout-flow wp-block-group-is-layout-flow\" style=\"padding-top:24px;padding-right:24px;padding-bottom:24px;padding-left:24px\">\n<h3 class=\"wp-block-heading\">1. Ma\u00dfgeschneiderte Strategie<\/h3>\n\n\n\n<p>Wir h\u00f6ren uns zun\u00e4chst Ihre Geschichte, Ihren Markt und Ihre Ambitionen an, um einen passenden Aktionsplan zu erstellen.<\/p>\n<\/div>\n<\/div>\n\n\n\n<div class=\"wp-block-column has-border-color has-white-background-color has-background is-layout-flow wp-block-column-is-layout-flow\" style=\"border-color:var(--theme-palette-color-2, #ffc900);border-width:1px;border-radius:18px;box-shadow:none\">\n<div class=\"wp-block-group is-style-shadow is-layout-flow wp-block-group-is-layout-flow\" style=\"padding-top:24px;padding-right:24px;padding-bottom:24px;padding-left:24px\">\n<h3 class=\"wp-block-heading\">2. Kosteneffiziente Umsetzung<\/h3>\n\n\n\n<p>Optimierte Prozesse und ein erfahrenes Team, das sich auf Performance und Return on Investment konzentriert.<\/p>\n<\/div>\n<\/div>\n\n\n\n<div class=\"wp-block-column has-border-color has-white-background-color has-background is-layout-flow wp-block-column-is-layout-flow\" style=\"border-color:var(--theme-palette-color-2, #ffc900);border-width:1px;border-radius:18px;box-shadow:none\">\n<div class=\"wp-block-group is-style-shadow is-layout-flow wp-block-group-is-layout-flow\" style=\"padding-top:24px;padding-right:24px;padding-bottom:24px;padding-left:24px\">\n<h3 class=\"wp-block-heading\">3. Volle Transparenz<\/h3>\n\n\n\n<p>Klares Budget, verfolgte Kennzahlen, kontinuierlich geteilte Ergebnisse. Keine \u00dcberraschungen, 100 % Klarheit. <\/p>\n<\/div>\n<\/div>\n<\/div>\n<\/div>\n\n\n\n<div class=\"wp-block-group alignwide is-layout-constrained wp-block-group-is-layout-constrained\" id=\"services\" style=\"padding-top:24px;padding-bottom:24px\">\n<h2 class=\"wp-block-heading\">Was wir tun<\/h2>\n\n\n\n<p class=\"has-secondary-color has-text-color\">Solide Grundlagen und auf Ihren Kontext zugeschnittene Taktiken.<\/p>\n\n\n\n<div class=\"wp-block-columns is-layout-flex wp-container-core-columns-is-layout-28f84493 wp-block-columns-is-layout-flex\">\n<div class=\"wp-block-column has-border-color has-white-background-color has-background is-layout-flow wp-block-column-is-layout-flow\" style=\"border-color:var(--theme-palette-color-2, #ffc900);border-width:1px;border-radius:18px;box-shadow:none\">\n<div class=\"wp-block-group is-style-shadow is-layout-flow wp-block-group-is-layout-flow\" style=\"padding-top:24px;padding-right:24px;padding-bottom:24px;padding-left:24px\">\n<h3 class=\"wp-block-heading\">Websites &amp; digitale Plattformen<\/h3>\n\n\n\n<p>Konzeption, Relaunch und Optimierung, konversionsorientiert, zug\u00e4nglich und schnell.<\/p>\n<\/div>\n<\/div>\n\n\n\n<div class=\"wp-block-column has-border-color has-white-background-color has-background is-layout-flow wp-block-column-is-layout-flow\" style=\"border-color:var(--theme-palette-color-2, #ffc900);border-width:1px;border-radius:18px;box-shadow:none\">\n<div class=\"wp-block-group is-style-shadow is-layout-flow wp-block-group-is-layout-flow\" style=\"padding-top:24px;padding-right:24px;padding-bottom:24px;padding-left:24px\">\n<h3 class=\"wp-block-heading\">SEO &amp; Content Marketing<\/h3>\n\n\n\n<p>Redaktionelle Strategie, On-Page-\/technische Optimierung und hochwertige Inhalte.<\/p>\n<\/div>\n<\/div>\n<\/div>\n\n\n\n<div class=\"wp-block-columns has-border-color has-white-background-color has-background is-layout-flex wp-container-core-columns-is-layout-28f84493 wp-block-columns-is-layout-flex\" style=\"border-color:var(--theme-palette-color-2, #ffc900);border-width:1px;border-radius:18px;box-shadow:none\">\n<div class=\"wp-block-column is-style-shadow is-layout-flow wp-block-column-is-layout-flow\" style=\"padding-top:24px;padding-right:24px;padding-bottom:24px;padding-left:24px\">\n<div class=\"wp-block-group is-layout-flow wp-block-group-is-layout-flow\">\n<h3 class=\"wp-block-heading\">Online-Werbung<\/h3>\n\n\n\n<p>SEA, Display- und Social Ads, auf Ihr Budget zugeschnitten, mit schnellen Iterationen.<\/p>\n<\/div>\n<\/div>\n\n\n\n<div class=\"wp-block-column is-layout-flow wp-block-column-is-layout-flow\">\n<div class=\"wp-block-group has-base-background-color has-background is-layout-flow wp-block-group-is-layout-flow\" style=\"padding-top:20px;padding-right:20px;padding-bottom:20px;padding-left:20px\">\n<h3 class=\"wp-block-heading\">Social Media<\/h3>\n\n\n\n<p>Strategie, Produktion und Community Management, um Ihr Publikum zu erweitern.<\/p>\n<\/div>\n<\/div>\n<\/div>\n\n\n\n<div class=\"wp-block-group has-base-background-color has-background is-layout-flow wp-block-group-is-layout-flow\" style=\"padding-top:20px;padding-right:20px;padding-bottom:20px;padding-left:20px\">\n<h3 class=\"wp-block-heading\">Messung &amp; kontinuierliche Optimierung<\/h3>\n\n\n\n<p>Klare Dashboards, Experimente und permanente Anpassungen, um mehr Wert pro investiertem Euro zu erzielen.<\/p>\n<\/div>\n<\/div>\n\n\n\n<div class=\"wp-block-group alignwide is-layout-constrained wp-block-group-is-layout-constrained\" id=\"pourquoi\" style=\"padding-top:24px;padding-bottom:24px\">\n<h2 class=\"wp-block-heading\">Warum Sie uns w\u00e4hlen sollten<\/h2>\n\n\n\n<div class=\"wp-block-columns is-layout-flex wp-container-core-columns-is-layout-28f84493 wp-block-columns-is-layout-flex\">\n<div class=\"wp-block-column has-border-color has-white-background-color has-background is-layout-flow wp-block-column-is-layout-flow\" style=\"border-color:var(--theme-palette-color-2, #ffc900);border-width:1px;border-radius:18px;padding-right:var(--wp--preset--spacing--40);padding-left:var(--wp--preset--spacing--40);box-shadow:none\">\n<ul style=\"padding-top:24px;padding-right:24px;padding-bottom:24px;padding-left:24px\" class=\"wp-block-list is-style-shadow\">\n<li><strong>Senior-Expertise<\/strong> \u2014 ohne die Kosten einer gro\u00dfen Agentur.<\/li>\n\n\n\n<li><strong>Pers\u00f6nliche Betreuung<\/strong> \u2014 engagierte und reaktionsschnelle Ansprechpartner.<\/li>\n\n\n\n<li><strong>Messbare Ziele<\/strong> \u2014 gemeinsam definierte und verfolgte KPIs.<\/li>\n\n\n\n<li><strong>Agilit\u00e4t<\/strong> \u2014 schnelle Iterationen, Tests und Learnings.<\/li>\n<\/ul>\n<\/div>\n\n\n\n<div class=\"wp-block-column has-border-color has-white-background-color has-background is-layout-flow wp-block-column-is-layout-flow\" style=\"border-color:var(--theme-palette-color-2, #ffc900);border-width:1px;border-radius:18px;box-shadow:none\">\n<div class=\"wp-block-group is-style-shadow is-layout-flow wp-block-group-is-layout-flow\" style=\"padding-top:24px;padding-right:24px;padding-bottom:24px;padding-left:24px\">\n<h3 class=\"wp-block-heading\">Unsere Vision<\/h3>\n\n\n\n<p>Die Agentur neu definieren: ein <strong>Wachstumspartner<\/strong>, der seinen Erfolg an Ihrem ausrichtet. Jeder Euro soll Wert schaffen, nicht nur ausgegeben werden. <\/p>\n<\/div>\n<\/div>\n<\/div>\n<\/div>\n\n\n\n<hr class=\"wp-block-separator has-css-opacity alignwide is-style-wide\"\/>\n\n\n\n<div class=\"wp-block-group alignwide is-layout-constrained wp-block-group-is-layout-constrained\" id=\"contact\" style=\"padding-top:24px;padding-bottom:48px\">\n<h2 class=\"wp-block-heading\">Bereit zum Handeln?<\/h2>\n\n\n\n<p class=\"has-secondary-color has-text-color\">Lassen Sie uns \u00fcber Ihre Ziele sprechen und wie wir diese am besten erreichen k\u00f6nnen, ohne Ihr Budget zu \u00fcberschreiten.<\/p>\n\n\n\n<div class=\"wp-block-buttons is-layout-flex wp-block-buttons-is-layout-flex\">\n<div class=\"wp-block-button is-style-outline is-style-outline--1\"><a class=\"wp-block-button__link has-palette-color-3-color has-white-background-color has-text-color has-background has-link-color wp-element-button\" href=\"https:\/\/underbudgetagency.com\/de\/kontaktieren-sie-uns\/\">Kontaktieren Sie uns<\/a><\/div>\n<\/div>\n<\/div>\n<\/main>\n","protected":false},"excerpt":{"rendered":"<p>Messbare Ergebnisse, ohne Ihr Budget zu sprengen. Bei Under Budget Agency beweisen wir t\u00e4glich, dass intelligentes, agiles und transparentes Marketing auch mit den ambitioniertesten Budgets mithalten kann. Wer wir sind Wir glauben, dass gutes Marketing nicht von einem gro\u00dfen Budget abh\u00e4ngt, sondern von relevanten Ideen und einer einwandfreien Umsetzung. Seit unserer Gr\u00fcndung ist unsere Mission [&hellip;]<\/p>\n","protected":false},"author":1,"featured_media":0,"parent":0,"menu_order":0,"comment_status":"closed","ping_status":"closed","template":"","meta":{"footnotes":""},"class_list":["post-1677","page","type-page","status-publish","hentry"],"blocksy_meta":{"content_style_source":"inherit","background":{"background_type":"image","background_pattern":"type-1","background_image":{"attachment_id":1617,"x":0.43,"y":1,"url":"https:\/\/underbudgetagency.com\/wp-content\/uploads\/2025\/11\/page-bg-image2.svg"},"gradient":"linear-gradient(135deg,rgba(6,147,227,1) 0%,rgb(155,81,224) 100%)","background_repeat":"no-repeat","background_size":"contain","background_attachment":"scroll","patternColor":{"default":{"color":"#e5e7ea"}},"overlayColor":{"default":{"color":"CT_CSS_SKIP_RULE"}},"backgroundColor":{"default":{"color":"#ffffff"}}},"styles_descriptor":{"styles":{"desktop":"[data-prefix=\"single_page\"] {background-position:43% 100%;background-size:contain;background-repeat:no-repeat;background-color:#ffffff;background-image:url(https:\/\/underbudgetagency.com\/wp-content\/uploads\/2025\/11\/page-bg-image2.svg);}","tablet":"","mobile":""},"google_fonts":[],"version":6}},"yoast_head":"<!-- This site is optimized with the Yoast SEO plugin v27.4 - https:\/\/yoast.com\/product\/yoast-seo-wordpress\/ -->\n<title>\u00dcber uns - UB - Agence de Cr\u00e9ation de Sites Web<\/title>\n<meta name=\"robots\" content=\"index, follow, max-snippet:-1, max-image-preview:large, max-video-preview:-1\" \/>\n<link rel=\"canonical\" href=\"https:\/\/underbudgetagency.com\/de\/ueber-uns\/\" \/>\n<meta property=\"og:locale\" content=\"de_DE\" \/>\n<meta property=\"og:type\" content=\"article\" \/>\n<meta property=\"og:title\" content=\"\u00dcber uns - UB - Agence de Cr\u00e9ation de Sites Web\" \/>\n<meta property=\"og:description\" content=\"Messbare Ergebnisse, ohne Ihr Budget zu sprengen. Bei Under Budget Agency beweisen wir t\u00e4glich, dass intelligentes, agiles und transparentes Marketing auch mit den ambitioniertesten Budgets mithalten kann. Wer wir sind Wir glauben, dass gutes Marketing nicht von einem gro\u00dfen Budget abh\u00e4ngt, sondern von relevanten Ideen und einer einwandfreien Umsetzung. Seit unserer Gr\u00fcndung ist unsere Mission [&hellip;]\" \/>\n<meta property=\"og:url\" content=\"https:\/\/underbudgetagency.com\/de\/ueber-uns\/\" \/>\n<meta property=\"og:site_name\" content=\"UB - Agence de Cr\u00e9ation de Sites Web\" \/>\n<meta property=\"article:modified_time\" content=\"2025-11-12T08:05:16+00:00\" \/>\n<meta name=\"twitter:card\" content=\"summary_large_image\" \/>\n<meta name=\"twitter:label1\" content=\"Gesch\u00e4tzte Lesezeit\" \/>\n\t<meta name=\"twitter:data1\" content=\"2\u00a0Minuten\" \/>\n<script type=\"application\/ld+json\" class=\"yoast-schema-graph\">{\"@context\":\"https:\\\/\\\/schema.org\",\"@graph\":[{\"@type\":\"WebPage\",\"@id\":\"https:\\\/\\\/underbudgetagency.com\\\/de\\\/ueber-uns\\\/\",\"url\":\"https:\\\/\\\/underbudgetagency.com\\\/de\\\/ueber-uns\\\/\",\"name\":\"\u00dcber uns - UB - Agence de Cr\u00e9ation de Sites Web\",\"isPartOf\":{\"@id\":\"https:\\\/\\\/underbudgetagency.com\\\/de\\\/#website\"},\"datePublished\":\"2025-11-11T08:44:32+00:00\",\"dateModified\":\"2025-11-12T08:05:16+00:00\",\"breadcrumb\":{\"@id\":\"https:\\\/\\\/underbudgetagency.com\\\/de\\\/ueber-uns\\\/#breadcrumb\"},\"inLanguage\":\"de\",\"potentialAction\":[{\"@type\":\"ReadAction\",\"target\":[\"https:\\\/\\\/underbudgetagency.com\\\/de\\\/ueber-uns\\\/\"]}]},{\"@type\":\"BreadcrumbList\",\"@id\":\"https:\\\/\\\/underbudgetagency.com\\\/de\\\/ueber-uns\\\/#breadcrumb\",\"itemListElement\":[{\"@type\":\"ListItem\",\"position\":1,\"name\":\"Home\",\"item\":\"https:\\\/\\\/underbudgetagency.com\\\/de\\\/\"},{\"@type\":\"ListItem\",\"position\":2,\"name\":\"\u00dcber uns\"}]},{\"@type\":\"WebSite\",\"@id\":\"https:\\\/\\\/underbudgetagency.com\\\/de\\\/#website\",\"url\":\"https:\\\/\\\/underbudgetagency.com\\\/de\\\/\",\"name\":\"UB - Agence de Cr\u00e9ation de Sites Web\",\"description\":\"\",\"publisher\":{\"@id\":\"https:\\\/\\\/underbudgetagency.com\\\/de\\\/#organization\"},\"potentialAction\":[{\"@type\":\"SearchAction\",\"target\":{\"@type\":\"EntryPoint\",\"urlTemplate\":\"https:\\\/\\\/underbudgetagency.com\\\/de\\\/?s={search_term_string}\"},\"query-input\":{\"@type\":\"PropertyValueSpecification\",\"valueRequired\":true,\"valueName\":\"search_term_string\"}}],\"inLanguage\":\"de\"},{\"@type\":\"Organization\",\"@id\":\"https:\\\/\\\/underbudgetagency.com\\\/de\\\/#organization\",\"name\":\"UB - Agence de Cr\u00e9ation de Sites Web\",\"url\":\"https:\\\/\\\/underbudgetagency.com\\\/de\\\/\",\"logo\":{\"@type\":\"ImageObject\",\"inLanguage\":\"de\",\"@id\":\"https:\\\/\\\/underbudgetagency.com\\\/de\\\/#\\\/schema\\\/logo\\\/image\\\/\",\"url\":\"https:\\\/\\\/underbudgetagency.com\\\/wp-content\\\/uploads\\\/2024\\\/12\\\/Asset-1ub.svg\",\"contentUrl\":\"https:\\\/\\\/underbudgetagency.com\\\/wp-content\\\/uploads\\\/2024\\\/12\\\/Asset-1ub.svg\",\"width\":400.1502,\"height\":121.9922,\"caption\":\"UB - Agence de Cr\u00e9ation de Sites Web\"},\"image\":{\"@id\":\"https:\\\/\\\/underbudgetagency.com\\\/de\\\/#\\\/schema\\\/logo\\\/image\\\/\"}}]}<\/script>\n<!-- \/ Yoast SEO plugin. -->","yoast_head_json":{"title":"\u00dcber uns - UB - Agence de Cr\u00e9ation de Sites Web","robots":{"index":"index","follow":"follow","max-snippet":"max-snippet:-1","max-image-preview":"max-image-preview:large","max-video-preview":"max-video-preview:-1"},"canonical":"https:\/\/underbudgetagency.com\/de\/ueber-uns\/","og_locale":"de_DE","og_type":"article","og_title":"\u00dcber uns - UB - Agence de Cr\u00e9ation de Sites Web","og_description":"Messbare Ergebnisse, ohne Ihr Budget zu sprengen. Bei Under Budget Agency beweisen wir t\u00e4glich, dass intelligentes, agiles und transparentes Marketing auch mit den ambitioniertesten Budgets mithalten kann. Wer wir sind Wir glauben, dass gutes Marketing nicht von einem gro\u00dfen Budget abh\u00e4ngt, sondern von relevanten Ideen und einer einwandfreien Umsetzung. Seit unserer Gr\u00fcndung ist unsere Mission [&hellip;]","og_url":"https:\/\/underbudgetagency.com\/de\/ueber-uns\/","og_site_name":"UB - Agence de Cr\u00e9ation de Sites Web","article_modified_time":"2025-11-12T08:05:16+00:00","twitter_card":"summary_large_image","twitter_misc":{"Gesch\u00e4tzte Lesezeit":"2\u00a0Minuten"},"schema":{"@context":"https:\/\/schema.org","@graph":[{"@type":"WebPage","@id":"https:\/\/underbudgetagency.com\/de\/ueber-uns\/","url":"https:\/\/underbudgetagency.com\/de\/ueber-uns\/","name":"\u00dcber uns - UB - Agence de Cr\u00e9ation de Sites Web","isPartOf":{"@id":"https:\/\/underbudgetagency.com\/de\/#website"},"datePublished":"2025-11-11T08:44:32+00:00","dateModified":"2025-11-12T08:05:16+00:00","breadcrumb":{"@id":"https:\/\/underbudgetagency.com\/de\/ueber-uns\/#breadcrumb"},"inLanguage":"de","potentialAction":[{"@type":"ReadAction","target":["https:\/\/underbudgetagency.com\/de\/ueber-uns\/"]}]},{"@type":"BreadcrumbList","@id":"https:\/\/underbudgetagency.com\/de\/ueber-uns\/#breadcrumb","itemListElement":[{"@type":"ListItem","position":1,"name":"Home","item":"https:\/\/underbudgetagency.com\/de\/"},{"@type":"ListItem","position":2,"name":"\u00dcber uns"}]},{"@type":"WebSite","@id":"https:\/\/underbudgetagency.com\/de\/#website","url":"https:\/\/underbudgetagency.com\/de\/","name":"UB - Agence de Cr\u00e9ation de Sites Web","description":"","publisher":{"@id":"https:\/\/underbudgetagency.com\/de\/#organization"},"potentialAction":[{"@type":"SearchAction","target":{"@type":"EntryPoint","urlTemplate":"https:\/\/underbudgetagency.com\/de\/?s={search_term_string}"},"query-input":{"@type":"PropertyValueSpecification","valueRequired":true,"valueName":"search_term_string"}}],"inLanguage":"de"},{"@type":"Organization","@id":"https:\/\/underbudgetagency.com\/de\/#organization","name":"UB - Agence de Cr\u00e9ation de Sites Web","url":"https:\/\/underbudgetagency.com\/de\/","logo":{"@type":"ImageObject","inLanguage":"de","@id":"https:\/\/underbudgetagency.com\/de\/#\/schema\/logo\/image\/","url":"https:\/\/underbudgetagency.com\/wp-content\/uploads\/2024\/12\/Asset-1ub.svg","contentUrl":"https:\/\/underbudgetagency.com\/wp-content\/uploads\/2024\/12\/Asset-1ub.svg","width":400.1502,"height":121.9922,"caption":"UB - Agence de Cr\u00e9ation de Sites Web"},"image":{"@id":"https:\/\/underbudgetagency.com\/de\/#\/schema\/logo\/image\/"}}]}},"_hostinger_reach_plugin_has_subscription_block":false,"_hostinger_reach_plugin_is_elementor":false,"_links":{"self":[{"href":"https:\/\/underbudgetagency.com\/de\/wp-json\/wp\/v2\/pages\/1677","targetHints":{"allow":["GET"]}}],"collection":[{"href":"https:\/\/underbudgetagency.com\/de\/wp-json\/wp\/v2\/pages"}],"about":[{"href":"https:\/\/underbudgetagency.com\/de\/wp-json\/wp\/v2\/types\/page"}],"author":[{"embeddable":true,"href":"https:\/\/underbudgetagency.com\/de\/wp-json\/wp\/v2\/users\/1"}],"replies":[{"embeddable":true,"href":"https:\/\/underbudgetagency.com\/de\/wp-json\/wp\/v2\/comments?post=1677"}],"version-history":[{"count":2,"href":"https:\/\/underbudgetagency.com\/de\/wp-json\/wp\/v2\/pages\/1677\/revisions"}],"predecessor-version":[{"id":1847,"href":"https:\/\/underbudgetagency.com\/de\/wp-json\/wp\/v2\/pages\/1677\/revisions\/1847"}],"wp:attachment":[{"href":"https:\/\/underbudgetagency.com\/de\/wp-json\/wp\/v2\/media?parent=1677"}],"curies":[{"name":"wp","href":"https:\/\/api.w.org\/{rel}","templated":true}]}}